{"id":9999,"date":"2026-04-07T16:50:05","date_gmt":"2026-04-07T14:50:05","guid":{"rendered":"https:\/\/www.nctmelarte.it\/?page_id=9999"},"modified":"2026-04-08T11:04:43","modified_gmt":"2026-04-08T09:04:43","slug":"domande-frequenti","status":"publish","type":"page","link":"https:\/\/www.nctmelarte.it\/en\/domande-frequenti\/","title":{"rendered":"Domande frequenti"},"content":{"rendered":"<section class=\"wpb-content-wrapper\"><p>[vc_row][vc_column width=&#8221;1\/6&#8243;][\/vc_column][vc_column width=&#8221;2\/3&#8243;][vc_empty_space height=&#8221;30px&#8221;][vc_column_text]<\/p>\n<p data-start=\"154\" data-end=\"309\">Scopri le domande frequenti sull\u2019arte contemporanea, sulla collezione e sulle attivit\u00e0 di nctm e l\u2019arte: artisti, progetti, residenze e collaborazioni.<\/p>\n<p>[\/vc_column_text][\/vc_column][vc_column width=&#8221;1\/6&#8243;][\/vc_column][\/vc_row][vc_row][vc_column width=&#8221;1\/6&#8243;][\/vc_column][vc_column width=&#8221;2\/3&#8243;][vc_empty_space height=&#8221;30px&#8221;][vc_tta_accordion title_tag=&#8221;h3&#8243; section_title_tag=&#8221;h5&#8243; active_section=&#8221;1&#8243; title=&#8221;Il Progetto&#8221;][vc_tta_section title=&#8221;Cos\u2019\u00e8 nctm e l\u2019arte?&#8221; tab_id=&#8221;1775572267640-f9366a89-70ca&#8221;][vc_column_text]<span style=\"font-weight: 400;\">nctm e l\u2019arte \u00e8 un progetto dedicato alla promozione dell\u2019arte contemporanea e al dialogo tra arte e societ\u00e0. Nato nel 2011 su iniziativa dello studio legale ADVANT Nctm, il progetto sviluppa una serie di attivit\u00e0 culturali che includono la creazione di una collezione d\u2019arte contemporanea, il supporto agli artisti e la realizzazione di progetti pubblici.<\/span><\/p>\n<p><span style=\"font-weight: 400;\">Attraverso mostre, collaborazioni istituzionali e iniziative culturali, nctm e l\u2019arte contribuisce alla diffusione della ricerca artistica contemporanea e alla riflessione su temi sociali, culturali e ambientali del nostro tempo.<\/span>[\/vc_column_text][\/vc_tta_section][vc_tta_section title=&#8221;Quando nasce nctm e l\u2019arte?&#8221; tab_id=&#8221;1775572267640-67a44bb9-d242&#8243;][vc_column_text]Il progetto nasce nel 2011 su iniziativa dello studio legale ADVANT Nctm e si sviluppa sotto la direzione artistica della curatrice indipendente Gabi Scardi.<br \/>\nFin dalla sua origine, nctm e l\u2019arte si propone di sostenere la ricerca artistica contemporanea attraverso una collezione e una serie di progetti culturali realizzati in collaborazione con artisti, istituzioni pubbliche e realt\u00e0 culturali nazionali e internazionali.[\/vc_column_text][\/vc_tta_section][vc_tta_section title=&#8221;Qual \u00e8 la mission di nctm e l\u2019arte?&#8221; tab_id=&#8221;1775572363763-fae0a026-fd53&#8243;][vc_column_text]<span style=\"font-weight: 400;\">La mission di nctm e l\u2019arte \u00e8 promuovere il dialogo tra arte contemporanea e societ\u00e0, sostenendo artisti e progetti che affrontano temi centrali del nostro tempo. <\/span><span style=\"font-weight: 400;\">Il progetto presta particolare attenzione a questioni come sostenibilit\u00e0, diritti, giustizia ed equit\u00e0 sociale, valorizzando il ruolo dell\u2019arte come strumento di riflessione critica e di interpretazione della contemporaneit\u00e0.<\/span>[\/vc_column_text][\/vc_tta_section][\/vc_tta_accordion][vc_empty_space height=&#8221;30px&#8221;][\/vc_column][vc_column width=&#8221;1\/6&#8243;][\/vc_column][\/vc_row][vc_row][vc_column width=&#8221;1\/6&#8243;][\/vc_column][vc_column width=&#8221;2\/3&#8243;][vc_empty_space height=&#8221;30px&#8221;][vc_tta_accordion title_tag=&#8221;h3&#8243; section_title_tag=&#8221;h5&#8243; active_section=&#8221;1&#8243; title=&#8221;Artisti e collezione&#8221;][vc_tta_section title=&#8221;Che tipo di artisti supporta nctm e l\u2019arte?&#8221; tab_id=&#8221;1775572960331-11326a3b-be64&#8243;][vc_column_text]<span style=\"font-weight: 400;\">nctm e l\u2019arte sostiene artisti contemporanei emergenti e affermati che si distinguono per la qualit\u00e0 della loro ricerca e per l\u2019attenzione verso temi sociali e culturali attuali.<\/span><\/p>\n<p><span style=\"font-weight: 400;\">Attraverso la collezione e i progetti sviluppati nel tempo, il progetto ha collaborato con artisti provenienti da contesti nazionali e internazionali, contribuendo alla diffusione delle loro opere e alla valorizzazione della ricerca artistica contemporanea.<\/span>[\/vc_column_text][\/vc_tta_section][vc_tta_section title=&#8221;Che cos\u2019\u00e8 la collezione nctm e l\u2019arte?&#8221; tab_id=&#8221;1775572960331-a629f2a2-ddf3&#8243;][vc_column_text]<span style=\"font-weight: 400;\">La collezione nctm e l\u2019arte \u00e8 una raccolta di opere di arte contemporanea che riflette i valori e le linee di ricerca del progetto. <\/span><span style=\"font-weight: 400;\">Le opere sono selezionate per il loro valore artistico e per la capacit\u00e0 di affrontare temi rilevanti della contemporaneit\u00e0, come sostenibilit\u00e0, diritti, giustizia sociale e trasformazioni culturali. <\/span><span style=\"font-weight: 400;\">Nel tempo la collezione \u00e8 diventata uno strumento di dialogo tra arte, istituzioni e pubblico.<\/span>[\/vc_column_text][\/vc_tta_section][vc_tta_section title=&#8221;Dove \u00e8 possibile vedere le opere della collezione?&#8221; tab_id=&#8221;1775573036844-1d9d909c-64b3&#8243;][vc_column_text]<span style=\"font-weight: 400;\">Le opere della collezione nctm e l\u2019arte vengono presentate attraverso mostre, progetti pubblici e collaborazioni con musei, istituzioni culturali e spazi espositivi. <\/span><span style=\"font-weight: 400;\">In alcuni casi le opere sono installate negli spazi dello studio o coinvolte in iniziative culturali e progetti artistici realizzati in collaborazione con istituzioni nazionali e internazionali.<\/span><\/p>\n<p>[\/vc_column_text][\/vc_tta_section][\/vc_tta_accordion][vc_empty_space height=&#8221;30px&#8221;][\/vc_column][vc_column width=&#8221;1\/6&#8243;][\/vc_column][\/vc_row][vc_row][vc_column width=&#8221;1\/6&#8243;][\/vc_column][vc_column width=&#8221;2\/3&#8243;][vc_empty_space height=&#8221;30px&#8221;][vc_tta_accordion title_tag=&#8221;h3&#8243; section_title_tag=&#8221;h5&#8243; active_section=&#8221;1&#8243; title=&#8221;Info di settore&#8221;][vc_tta_section title=&#8221;Che cos\u2019\u00e8 l\u2019arte contemporanea?&#8221; tab_id=&#8221;1775573177474-2e87526a-34c3&#8243;][vc_column_text]<span style=\"font-weight: 400;\">L\u2019arte contemporanea comprende le pratiche artistiche sviluppate dalla seconda met\u00e0 del Novecento fino ai giorni nostri. Gli artisti contemporanei utilizzano linguaggi e media molto diversi \u2013 dalla pittura alla scultura, dalle installazioni alla fotografia, fino alle pratiche digitali \u2013 per esplorare temi legati alla societ\u00e0, alla politica, all\u2019ambiente e alla cultura. <\/span><\/p>\n<p><span style=\"font-weight: 400;\">L\u2019arte contemporanea rappresenta quindi uno strumento di interpretazione del presente e un mezzo per stimolare il dialogo tra artisti, istituzioni e pubblico. Progetti culturali come nctm e l\u2019arte nascono proprio con l\u2019obiettivo di sostenere questa ricerca e di promuovere il confronto tra arte contemporanea e societ\u00e0.<\/span>[\/vc_column_text][\/vc_tta_section][vc_tta_section title=&#8221;Perch\u00e9 le aziende investono nell\u2019arte contemporanea?&#8221; tab_id=&#8221;1775573177474-c1acb5db-d1e6&#8243;][vc_column_text]<span style=\"font-weight: 400;\">Le aziende investono nell\u2019arte contemporanea per sostenere la ricerca culturale, contribuire al dibattito sul presente e rafforzare la propria identit\u00e0 attraverso progetti dal valore simbolico e sociale.<\/span><\/p>\n<p><span style=\"font-weight: 400;\">L\u2019arte contemporanea permette infatti di affrontare temi rilevanti come sostenibilit\u00e0, diritti, innovazione e trasformazione sociale, creando connessioni tra impresa, artisti, istituzioni e pubblico. In questo contesto, iniziative come nctm e l\u2019arte dimostrano come il dialogo tra arte e impresa possa generare progetti culturali capaci di contribuire attivamente alla vita culturale contemporanea.<\/span>[\/vc_column_text][\/vc_tta_section][vc_tta_section title=&#8221;Qual \u00e8 il ruolo delle imprese nella promozione dell\u2019arte contemporanea?&#8221; tab_id=&#8221;1775573177475-6ead4bcd-49dc&#8221;][vc_column_text]<span style=\"font-weight: 400;\">Il dialogo tra arte contemporanea e imprese pu\u00f2 generare nuove opportunit\u00e0 per la ricerca artistica e per la diffusione della cultura. Attraverso progetti, collezioni e collaborazioni con istituzioni culturali, le aziende possono sostenere la produzione artistica e favorire la circolazione delle opere e delle idee. <\/span><span style=\"font-weight: 400;\">Iniziative come nctm e l\u2019arte nascono proprio con questo obiettivo: promuovere un confronto tra il mondo dell\u2019arte e quello delle imprese, contribuendo alla vita culturale e al dibattito sulla contemporaneit\u00e0.<\/span>[\/vc_column_text][\/vc_tta_section][\/vc_tta_accordion][vc_empty_space height=&#8221;30px&#8221;][\/vc_column][vc_column width=&#8221;1\/6&#8243;][\/vc_column][\/vc_row]<\/p>\n<\/section>","protected":false},"excerpt":{"rendered":"<p>[vc_row][vc_column width=&#8221;1\/6&#8243;][\/vc_column][vc_column width=&#8221;2\/3&#8243;][vc_empty_space height=&#8221;30px&#8221;][vc_column_text] Scopri le domande frequenti sull\u2019arte contemporanea, sulla collezione e sulle attivit\u00e0 di nctm e l\u2019arte: artisti, progetti, residenze e collaborazioni. [\/vc_column_text][\/vc_column][vc_column width=&#8221;1\/6&#8243;][\/vc_column][\/vc_row][vc_row][vc_column width=&#8221;1\/6&#8243;][\/vc_column][vc_column width=&#8221;2\/3&#8243;][vc_empty_space height=&#8221;30px&#8221;][vc_tta_accordion title_tag=&#8221;h3&#8243; section_title_tag=&#8221;h5&#8243; active_section=&#8221;1&#8243; title=&#8221;Il Progetto&#8221;][vc_tta_section title=&#8221;Cos\u2019\u00e8 nctm e l\u2019arte?&#8221; tab_id=&#8221;1775572267640-f9366a89-70ca&#8221;][vc_column_text]nctm e l\u2019arte \u00e8 un progetto dedicato alla promozione dell\u2019arte contemporanea e al dialogo tra arte e [&hellip;]<\/p>\n","protected":false},"author":17,"featured_media":0,"parent":0,"menu_order":0,"comment_status":"closed","ping_status":"closed","template":"","meta":[],"aioseo_notices":[],"_links":{"self":[{"href":"https:\/\/www.nctmelarte.it\/en\/wp-json\/wp\/v2\/pages\/9999"}],"collection":[{"href":"https:\/\/www.nctmelarte.it\/en\/wp-json\/wp\/v2\/pages"}],"about":[{"href":"https:\/\/www.nctmelarte.it\/en\/wp-json\/wp\/v2\/types\/page"}],"author":[{"embeddable":true,"href":"https:\/\/www.nctmelarte.it\/en\/wp-json\/wp\/v2\/users\/17"}],"replies":[{"embeddable":true,"href":"https:\/\/www.nctmelarte.it\/en\/wp-json\/wp\/v2\/comments?post=9999"}],"version-history":[{"count":10,"href":"https:\/\/www.nctmelarte.it\/en\/wp-json\/wp\/v2\/pages\/9999\/revisions"}],"predecessor-version":[{"id":10004,"href":"https:\/\/www.nctmelarte.it\/en\/wp-json\/wp\/v2\/pages\/9999\/revisions\/10004"}],"wp:attachment":[{"href":"https:\/\/www.nctmelarte.it\/en\/wp-json\/wp\/v2\/media?parent=9999"}],"curies":[{"name":"wp","href":"https:\/\/api.w.org\/{rel}","templated":true}]}}